{"id":160,"date":"2017-01-28T10:32:52","date_gmt":"2017-01-28T09:32:52","guid":{"rendered":"http:\/\/bsofficeassistant.fr\/?page_id=160"},"modified":"2017-08-23T12:23:14","modified_gmt":"2017-08-23T10:23:14","slug":"services","status":"publish","type":"page","link":"https:\/\/www.bsofficeassistant.fr\/index.php\/services\/","title":{"rendered":"Services"},"content":{"rendered":"<p>Professions lib\u00e9rales, dirigeants de PME et TPME, B&amp;S Office Assistant vous apporte un soutien quotidien ou ponctuel dans votre organisation.<\/p>\n<p>&nbsp;<\/p>\n<p style=\"text-align: center;\"><span style=\"color: #6dedda;\">D\u00e9l\u00e9guez les t\u00e2ches administratives, commerciales et marketing afin de vous consacrer pleinement \u00e0 votre activit\u00e9.<\/span><\/p>\n<p>&nbsp;<\/p>\n<p><span style=\"color: #ccffff;\"><strong>MARKETING<\/strong><\/span><\/p>\n<ul>\n<li>Pr\u00e9paration &amp; coordination d\u2019\u00e9v\u00e8nements<\/li>\n<li>Relations publics<\/li>\n<li>Cr\u00e9ation et gestion de r\u00e9seaux sociaux et blogs<\/li>\n<li>Relations sponsors, recherche de partenariats<\/li>\n<li>Prospection et r\u00e9alisation d\u2019\u00e9tudes de march\u00e9<\/li>\n<li>Gestion des informations et des donn\u00e9es<\/li>\n<\/ul>\n<p>&nbsp;<\/p>\n<p style=\"text-align: left;\"><span style=\"color: #ccffff;\"><strong>COMMERCIAL<\/strong><\/span><\/p>\n<ul>\n<li>Organisation r\u00e9unions et ateliers de travail<\/li>\n<li>Organisation &amp; r\u00e9servation de voyages<\/li>\n<li>Organisation et pr\u00e9paration de vos salons commerciaux<\/li>\n<li>R\u00e9daction cahier des charges, rapports d\u2019expertise, pr\u00e9sentations<\/li>\n<\/ul>\n<p><strong>\u00a0<\/strong><\/p>\n<p style=\"text-align: left;\"><span style=\"color: #ccffff;\"><strong>ADMINISTRATIF<\/strong><\/span><\/p>\n<ul>\n<li>Correspondance FR \/ IT \/ ENG<\/li>\n<li>Gestion mails \/ agenda<\/li>\n<li>Aide au recrutement (r\u00e9daction offres d\u2019emploi, pr\u00e9s\u00e9lection des CV, prise de RDV, r\u00e9daction de courriers de r\u00e9ponse)<\/li>\n<li>Gestion de budgets pr\u00e9visionnels<\/li>\n<li>Cr\u00e9ation de documents (catalogues produits, offre de prix, fiches produits)<\/li>\n<li>Management, \u00e9laboration grilles de services, gestion personnel<\/li>\n<li>D\u00e9mat\u00e9rialisation de documents<\/li>\n<\/ul>\n<p>&nbsp;<\/p>\n<p><img decoding=\"async\" loading=\"lazy\" class=\"size-thumbnail wp-image-39 aligncenter\" src=\"http:\/\/bsofficeassistant.fr\/wp-content\/uploads\/2017\/01\/IMG_4865-150x150.jpg\" alt=\"\" width=\"150\" height=\"150\" \/><\/p>\n<p>&nbsp;<\/p>\n<p>&nbsp;<\/p>\n","protected":false},"excerpt":{"rendered":"<p>Professions lib\u00e9rales, dirigeants de PME et TPME, B&amp;S Office Assistant vous apporte un soutien quotidien ou ponctuel dans votre organisation. &nbsp; D\u00e9l\u00e9guez les t\u00e2ches administratives, commerciales et marketing afin de vous consacrer pleinement \u00e0 votre activit\u00e9. &nbsp; MARKETING Pr\u00e9paration &amp; coordination d\u2019\u00e9v\u00e8nements Relations publics Cr\u00e9ation et gestion de r\u00e9seaux sociaux et blogs Relations sponsors, recherche [&hellip;]<\/p>\n","protected":false},"author":1,"featured_media":113,"parent":0,"menu_order":2,"comment_status":"closed","ping_status":"closed","template":"","meta":[],"_links":{"self":[{"href":"https:\/\/www.bsofficeassistant.fr\/index.php\/wp-json\/wp\/v2\/pages\/160"}],"collection":[{"href":"https:\/\/www.bsofficeassistant.fr\/index.php\/wp-json\/wp\/v2\/pages"}],"about":[{"href":"https:\/\/www.bsofficeassistant.fr\/index.php\/wp-json\/wp\/v2\/types\/page"}],"author":[{"embeddable":true,"href":"https:\/\/www.bsofficeassistant.fr\/index.php\/wp-json\/wp\/v2\/users\/1"}],"replies":[{"embeddable":true,"href":"https:\/\/www.bsofficeassistant.fr\/index.php\/wp-json\/wp\/v2\/comments?post=160"}],"version-history":[{"count":33,"href":"https:\/\/www.bsofficeassistant.fr\/index.php\/wp-json\/wp\/v2\/pages\/160\/revisions"}],"predecessor-version":[{"id":442,"href":"https:\/\/www.bsofficeassistant.fr\/index.php\/wp-json\/wp\/v2\/pages\/160\/revisions\/442"}],"wp:featuredmedia":[{"embeddable":true,"href":"https:\/\/www.bsofficeassistant.fr\/index.php\/wp-json\/wp\/v2\/media\/113"}],"wp:attachment":[{"href":"https:\/\/www.bsofficeassistant.fr\/index.php\/wp-json\/wp\/v2\/media?parent=160"}],"curies":[{"name":"wp","href":"https:\/\/api.w.org\/{rel}","templated":true}]}}