{"id":157,"date":"2017-01-27T21:56:01","date_gmt":"2017-01-27T20:56:01","guid":{"rendered":"http:\/\/bsofficeassistant.fr\/?page_id=157"},"modified":"2018-02-17T11:01:17","modified_gmt":"2018-02-17T10:01:17","slug":"a-propos","status":"publish","type":"page","link":"https:\/\/www.bsofficeassistant.fr\/index.php\/a-propos\/","title":{"rendered":"A propos"},"content":{"rendered":"<p>Titulaire d&#8217;un DUT Gestion Administrative et commerciale\u00a0et\u00a0avec\u00a0plus de 20 ans d&#8217;exp\u00e9rience\u00a0professionnelle en Angleterre, en France, en Italie et \u00e0 Monaco, j&#8217;ai d\u00e9cid\u00e9 de cr\u00e9er B&amp;S Office Assistant afin de suivre les\u00a0nouvelles exigences\u00a0du monde professionnel en proposant un service freelance en ad\u00e9quation avec les besoins des petites et moyennes entreprises.<\/p>\n<p>Au cours de ces 20 ann\u00e9es, j&#8217;ai acquis et d\u00e9velopp\u00e9 de nombreuses comp\u00e9tences\u00a0comme assistante commerciale, marketing (relations public) et assistante de direction.<\/p>\n<p>Rigoureuse, organis\u00e9e et avec la volont\u00e9 de\u00a0constamment \u00e9voluer, mon objectif est de r\u00e9pondre aux exigences et imp\u00e9ratifs de mes collaborateurs et clients tout\u00a0en\u00a0proposant\u00a0des services de haute\u00a0qualit\u00e9.<\/p>\n<p>&nbsp;<\/p>\n<p>St\u00e9phanie Baldet<\/p>\n<p><img decoding=\"async\" loading=\"lazy\" class=\" wp-image-351 aligncenter\" src=\"http:\/\/bsofficeassistant.fr\/wp-content\/uploads\/2017\/01\/16684646_10210670875540553_504627509_n-150x150.jpg\" alt=\"\" width=\"169\" height=\"169\" \/><\/p>\n<p>&nbsp;<\/p>\n<p style=\"text-align: right;\">\n","protected":false},"excerpt":{"rendered":"<p>Titulaire d&#8217;un DUT Gestion Administrative et commerciale\u00a0et\u00a0avec\u00a0plus de 20 ans d&#8217;exp\u00e9rience\u00a0professionnelle en Angleterre, en France, en Italie et \u00e0 Monaco, j&#8217;ai d\u00e9cid\u00e9 de cr\u00e9er B&amp;S Office Assistant afin de suivre les\u00a0nouvelles exigences\u00a0du monde professionnel en proposant un service freelance en ad\u00e9quation avec les besoins des petites et moyennes entreprises. Au cours de ces 20 ann\u00e9es, [&hellip;]<\/p>\n","protected":false},"author":1,"featured_media":52,"parent":0,"menu_order":1,"comment_status":"closed","ping_status":"closed","template":"","meta":[],"_links":{"self":[{"href":"https:\/\/www.bsofficeassistant.fr\/index.php\/wp-json\/wp\/v2\/pages\/157"}],"collection":[{"href":"https:\/\/www.bsofficeassistant.fr\/index.php\/wp-json\/wp\/v2\/pages"}],"about":[{"href":"https:\/\/www.bsofficeassistant.fr\/index.php\/wp-json\/wp\/v2\/types\/page"}],"author":[{"embeddable":true,"href":"https:\/\/www.bsofficeassistant.fr\/index.php\/wp-json\/wp\/v2\/users\/1"}],"replies":[{"embeddable":true,"href":"https:\/\/www.bsofficeassistant.fr\/index.php\/wp-json\/wp\/v2\/comments?post=157"}],"version-history":[{"count":60,"href":"https:\/\/www.bsofficeassistant.fr\/index.php\/wp-json\/wp\/v2\/pages\/157\/revisions"}],"predecessor-version":[{"id":487,"href":"https:\/\/www.bsofficeassistant.fr\/index.php\/wp-json\/wp\/v2\/pages\/157\/revisions\/487"}],"wp:featuredmedia":[{"embeddable":true,"href":"https:\/\/www.bsofficeassistant.fr\/index.php\/wp-json\/wp\/v2\/media\/52"}],"wp:attachment":[{"href":"https:\/\/www.bsofficeassistant.fr\/index.php\/wp-json\/wp\/v2\/media?parent=157"}],"curies":[{"name":"wp","href":"https:\/\/api.w.org\/{rel}","templated":true}]}}